{"id":1329,"date":"2023-01-29T10:10:29","date_gmt":"2023-01-29T09:10:29","guid":{"rendered":"http:\/\/bellasalvia.cz\/obchod\/?post_type=product&#038;p=1329"},"modified":"2023-01-29T10:37:21","modified_gmt":"2023-01-29T09:37:21","slug":"hermanek-pravy","status":"publish","type":"product","link":"https:\/\/bellasalvia.cz\/obchod\/produkt\/hermanek-pravy\/","title":{"rendered":"He\u0159m\u00e1nek prav\u00fd"},"content":{"rendered":"<p>Matricaria chamomilla &#8211; kv\u011bt<\/p>\n<p>Uchov\u00e1vejte v suchu a teplot\u011b do 25 C<br \/>\nSpot\u0159ebujte do data uveden\u00e9ho na spodn\u00ed stran\u011b obalu<\/p>\n<p>P\u0159\u00edpadn\u00e9 nejasnosti u\u017eit\u00ed konzultujte v Bella Salvia s.r.o.<\/p>\n<p>Balen\u00ed obsahuje 30g su\u0161iny<\/p>\n","protected":false},"excerpt":{"rendered":"<p>Matricaria chamomilla<\/p>\n<p>Hmotnost 30g<\/p>\n","protected":false},"featured_media":1330,"comment_status":"open","ping_status":"closed","template":"","meta":[],"product_brand":[],"product_cat":[35],"product_tag":[],"class_list":{"0":"post-1329","1":"product","2":"type-product","3":"status-publish","4":"has-post-thumbnail","6":"product_cat-jednodruhovky","8":"first","9":"instock","10":"taxable","11":"shipping-taxable","12":"purchasable","13":"product-type-simple"},"acf":[],"_links":{"self":[{"href":"https:\/\/bellasalvia.cz\/obchod\/wp-json\/wp\/v2\/product\/1329","targetHints":{"allow":["GET"]}}],"collection":[{"href":"https:\/\/bellasalvia.cz\/obchod\/wp-json\/wp\/v2\/product"}],"about":[{"href":"https:\/\/bellasalvia.cz\/obchod\/wp-json\/wp\/v2\/types\/product"}],"replies":[{"embeddable":true,"href":"https:\/\/bellasalvia.cz\/obchod\/wp-json\/wp\/v2\/comments?post=1329"}],"wp:featuredmedia":[{"embeddable":true,"href":"https:\/\/bellasalvia.cz\/obchod\/wp-json\/wp\/v2\/media\/1330"}],"wp:attachment":[{"href":"https:\/\/bellasalvia.cz\/obchod\/wp-json\/wp\/v2\/media?parent=1329"}],"wp:term":[{"taxonomy":"product_brand","embeddable":true,"href":"https:\/\/bellasalvia.cz\/obchod\/wp-json\/wp\/v2\/product_brand?post=1329"},{"taxonomy":"product_cat","embeddable":true,"href":"https:\/\/bellasalvia.cz\/obchod\/wp-json\/wp\/v2\/product_cat?post=1329"},{"taxonomy":"product_tag","embeddable":true,"href":"https:\/\/bellasalvia.cz\/obchod\/wp-json\/wp\/v2\/product_tag?post=1329"}],"curies":[{"name":"wp","href":"https:\/\/api.w.org\/{rel}","templated":true}]}}