{"id":1398,"date":"2023-02-01T10:21:45","date_gmt":"2023-02-01T09:21:45","guid":{"rendered":"http:\/\/bellasalvia.cz\/obchod\/?post_type=product&#038;p=1398"},"modified":"2023-10-28T09:58:02","modified_gmt":"2023-10-28T07:58:02","slug":"salvej-lekarska","status":"publish","type":"product","link":"https:\/\/bellasalvia.cz\/obchod\/produkt\/salvej-lekarska\/","title":{"rendered":"\u0160alv\u011bj l\u00e9ka\u0159sk\u00e1"},"content":{"rendered":"<p>Salvia officinalis &#8211; na\u0165<\/p>\n<p>Uchov\u00e1vejte v suchu a teplot\u011b do 25 C<br \/>\nSpot\u0159ebujte do data uveden\u00e9ho na spodn\u00ed stran\u011b obalu<\/p>\n<p>P\u0159\u00edpadn\u00e9 nejasnosti u\u017eit\u00ed konzultujte v Bella Salvia s.r.o.<\/p>\n<p>Balen\u00ed obsahuje 30g su\u0161iny<\/p>\n","protected":false},"excerpt":{"rendered":"<p>Salvia officinalis &#8211; na\u0165<\/p>\n<p>Hmotnost 30g<\/p>\n","protected":false},"featured_media":1399,"comment_status":"open","ping_status":"closed","template":"","meta":[],"product_brand":[],"product_cat":[35],"product_tag":[],"class_list":{"0":"post-1398","1":"product","2":"type-product","3":"status-publish","4":"has-post-thumbnail","6":"product_cat-jednodruhovky","8":"first","9":"instock","10":"taxable","11":"shipping-taxable","12":"purchasable","13":"product-type-simple"},"acf":[],"_links":{"self":[{"href":"https:\/\/bellasalvia.cz\/obchod\/wp-json\/wp\/v2\/product\/1398","targetHints":{"allow":["GET"]}}],"collection":[{"href":"https:\/\/bellasalvia.cz\/obchod\/wp-json\/wp\/v2\/product"}],"about":[{"href":"https:\/\/bellasalvia.cz\/obchod\/wp-json\/wp\/v2\/types\/product"}],"replies":[{"embeddable":true,"href":"https:\/\/bellasalvia.cz\/obchod\/wp-json\/wp\/v2\/comments?post=1398"}],"wp:featuredmedia":[{"embeddable":true,"href":"https:\/\/bellasalvia.cz\/obchod\/wp-json\/wp\/v2\/media\/1399"}],"wp:attachment":[{"href":"https:\/\/bellasalvia.cz\/obchod\/wp-json\/wp\/v2\/media?parent=1398"}],"wp:term":[{"taxonomy":"product_brand","embeddable":true,"href":"https:\/\/bellasalvia.cz\/obchod\/wp-json\/wp\/v2\/product_brand?post=1398"},{"taxonomy":"product_cat","embeddable":true,"href":"https:\/\/bellasalvia.cz\/obchod\/wp-json\/wp\/v2\/product_cat?post=1398"},{"taxonomy":"product_tag","embeddable":true,"href":"https:\/\/bellasalvia.cz\/obchod\/wp-json\/wp\/v2\/product_tag?post=1398"}],"curies":[{"name":"wp","href":"https:\/\/api.w.org\/{rel}","templated":true}]}}