{"id":1643,"date":"2023-05-24T10:58:59","date_gmt":"2023-05-24T08:58:59","guid":{"rendered":"http:\/\/bellasalvia.cz\/obchod\/?post_type=product&#038;p=1643"},"modified":"2023-10-28T09:53:55","modified_gmt":"2023-10-28T07:53:55","slug":"bylinna-pomoc-s-akutnim-onemocnenim-dolnich-cest-mocovych","status":"publish","type":"product","link":"https:\/\/bellasalvia.cz\/obchod\/produkt\/bylinna-pomoc-s-akutnim-onemocnenim-dolnich-cest-mocovych\/","title":{"rendered":"Bylinn\u00e1 pomoc s akutn\u00edm onemocn\u011bn\u00edm doln\u00edch cest mo\u010dov\u00fdch"},"content":{"rendered":"<p>Slo\u017een\u00ed: brusinka list a plod, v\u0159es, \u010dn\u011blky kuku\u0159ice, jitrocel, medv\u011bdice, \u0159ep\u00edk<\/p>\n<p>Sm\u011bs je ur\u010dena k dopln\u011bn\u00ed l\u00e9\u010dby p\u0159i akutn\u00edch pot\u00ed\u017e\u00edch s doln\u00edmi cestami mo\u010dov\u00fdmi a na dol\u00e9\u010den\u00ed zdravotn\u00edho probl\u00e9mu v oblasti mo\u010dov\u00fdch cest.<\/p>\n<p>U\u017eit\u00ed: Na d\u00e1vku u\u017eijte vrchovatou \u010dajovou l\u017ei\u010dku zalijte 200ml vrouc\u00ed vody, nechte 10-15 min p\u0159ikryt\u00e9 odst\u00e1t, slijte.<\/p>\n<p>P\u0159i akutn\u00edch pot\u00ed\u017e\u00edch u\u017e\u00edvejte 3 d\u00e1vky denn\u011b t\u00fdden, dol\u00e9\u010den\u00ed infektu doln\u00edch cest mo\u010dov\u00fdch 2 d\u00e1vky denn\u011b maxim\u00e1ln\u011b 3 t\u00fddny v kuse.<\/p>\n<p>Upozorn\u011bn\u00ed: Sm\u011bs nemohou u\u017e\u00edvat t\u011bhotn\u00e9, koj\u00edc\u00ed \u017eeny, d\u011bti do 9 let, pacienti u\u017e\u00edvaj\u00edc\u00ed warfarin a osoby alergick\u00e9 na p\u0159\u00edtomn\u00e9 byliny. Mo\u017eno kombinovat i p\u0159i ATB l\u00e9\u010db\u011b krom\u011b Kotrimoxazolu (Biseptol).<\/p>\n<p>P\u0159\u00edpadn\u00e9 nejasnosti V\u00e1m objasn\u00edme.<\/p>\n<p>Obsah balen\u00ed:<\/p>\n<p>50 g<\/p>\n","protected":false},"excerpt":{"rendered":"<p>Sm\u011bs je ur\u010dena k dopln\u011bn\u00ed l\u00e9\u010dby p\u0159i akutn\u00edch pot\u00ed\u017e\u00edch s doln\u00edmi cestami mo\u010dov\u00fdmi a na dol\u00e9\u010den\u00ed zdravotn\u00edho probl\u00e9mu v oblasti mo\u010dov\u00fdch cest.<\/p>\n","protected":false},"featured_media":1726,"comment_status":"open","ping_status":"closed","template":"","meta":[],"product_brand":[],"product_cat":[36],"product_tag":[],"class_list":{"0":"post-1643","1":"product","2":"type-product","3":"status-publish","4":"has-post-thumbnail","6":"product_cat-zdravi","8":"first","9":"instock","10":"taxable","11":"shipping-taxable","12":"purchasable","13":"product-type-simple"},"acf":[],"_links":{"self":[{"href":"https:\/\/bellasalvia.cz\/obchod\/wp-json\/wp\/v2\/product\/1643","targetHints":{"allow":["GET"]}}],"collection":[{"href":"https:\/\/bellasalvia.cz\/obchod\/wp-json\/wp\/v2\/product"}],"about":[{"href":"https:\/\/bellasalvia.cz\/obchod\/wp-json\/wp\/v2\/types\/product"}],"replies":[{"embeddable":true,"href":"https:\/\/bellasalvia.cz\/obchod\/wp-json\/wp\/v2\/comments?post=1643"}],"wp:featuredmedia":[{"embeddable":true,"href":"https:\/\/bellasalvia.cz\/obchod\/wp-json\/wp\/v2\/media\/1726"}],"wp:attachment":[{"href":"https:\/\/bellasalvia.cz\/obchod\/wp-json\/wp\/v2\/media?parent=1643"}],"wp:term":[{"taxonomy":"product_brand","embeddable":true,"href":"https:\/\/bellasalvia.cz\/obchod\/wp-json\/wp\/v2\/product_brand?post=1643"},{"taxonomy":"product_cat","embeddable":true,"href":"https:\/\/bellasalvia.cz\/obchod\/wp-json\/wp\/v2\/product_cat?post=1643"},{"taxonomy":"product_tag","embeddable":true,"href":"https:\/\/bellasalvia.cz\/obchod\/wp-json\/wp\/v2\/product_tag?post=1643"}],"curies":[{"name":"wp","href":"https:\/\/api.w.org\/{rel}","templated":true}]}}