{"id":1654,"date":"2023-05-25T09:08:31","date_gmt":"2023-05-25T07:08:31","guid":{"rendered":"http:\/\/bellasalvia.cz\/obchod\/?post_type=product&#038;p=1654"},"modified":"2023-10-28T09:54:57","modified_gmt":"2023-10-28T07:54:57","slug":"bylinna-pomoc-s-palenim-zahy","status":"publish","type":"product","link":"https:\/\/bellasalvia.cz\/obchod\/produkt\/bylinna-pomoc-s-palenim-zahy\/","title":{"rendered":"Bylinn\u00e1 pomoc s p\u00e1len\u00edm \u017e\u00e1hy"},"content":{"rendered":"<p>Slo\u017een\u00ed: \u0159ep\u00edk, medu\u0148ka, sl\u00e9z, jitrocel, he\u0159m\u00e1nek, l\u017ei\u010dn\u00edk<\/p>\n<p>U\u017eit\u00ed: Jednu vrchovatou \u010dajovou l\u017ei\u010dku zalijeme 200ml vrouc\u00ed vody a nech\u00e1me 10-15 min. p\u0159ikryt\u00e9 odst\u00e1t, slijeme. V p\u0159\u00edpad\u011b akutn\u00edch pot\u00ed\u017e\u00edch (p\u00e1len\u00ed \u017e\u00e1hy, v\u0159ed \u017ealudku, z\u00e1n\u011bt \u017ealudku) pijte mezi j\u00eddly 2-3x denn\u011b.<\/p>\n<p>Sm\u011bs v d\u00e1vce 1xd mohou u\u017e\u00edvat d\u011bti od 3 let, t\u011bhotn\u00e9 a koj\u00edc\u00ed \u017eeny. Sm\u011bs mohou ji p\u00edt i pacienti u\u017e\u00edvaj\u00edc\u00ed warfarin, av\u0161ak v d\u00e1vce 1 zarovnan\u00e9 \u010dajov\u00e9 l\u017ei\u010dky na 250ml vody 1xd.<\/p>\n<p>Upozorn\u011bn\u00ed: Sm\u011bs nemohou u\u017e\u00edt osoby alergick\u00e9 na p\u0159\u00edtomn\u00e9 byliny.<\/p>\n<p>P\u0159\u00edpadn\u00e9 nejasnosti V\u00e1m objasn\u00edme.<\/p>\n<p>50g +\/- 2g<\/p>\n","protected":false},"excerpt":{"rendered":"<p>Sm\u011bs je vhodn\u00e9 u\u017e\u00edvat p\u0159i probl\u00e9mech s p\u00e1len\u00edm \u017e\u00e1hy.<\/p>\n","protected":false},"featured_media":1727,"comment_status":"open","ping_status":"closed","template":"","meta":[],"product_brand":[],"product_cat":[36],"product_tag":[],"class_list":{"0":"post-1654","1":"product","2":"type-product","3":"status-publish","4":"has-post-thumbnail","6":"product_cat-zdravi","8":"first","9":"instock","10":"taxable","11":"shipping-taxable","12":"purchasable","13":"product-type-simple"},"acf":[],"_links":{"self":[{"href":"https:\/\/bellasalvia.cz\/obchod\/wp-json\/wp\/v2\/product\/1654","targetHints":{"allow":["GET"]}}],"collection":[{"href":"https:\/\/bellasalvia.cz\/obchod\/wp-json\/wp\/v2\/product"}],"about":[{"href":"https:\/\/bellasalvia.cz\/obchod\/wp-json\/wp\/v2\/types\/product"}],"replies":[{"embeddable":true,"href":"https:\/\/bellasalvia.cz\/obchod\/wp-json\/wp\/v2\/comments?post=1654"}],"wp:featuredmedia":[{"embeddable":true,"href":"https:\/\/bellasalvia.cz\/obchod\/wp-json\/wp\/v2\/media\/1727"}],"wp:attachment":[{"href":"https:\/\/bellasalvia.cz\/obchod\/wp-json\/wp\/v2\/media?parent=1654"}],"wp:term":[{"taxonomy":"product_brand","embeddable":true,"href":"https:\/\/bellasalvia.cz\/obchod\/wp-json\/wp\/v2\/product_brand?post=1654"},{"taxonomy":"product_cat","embeddable":true,"href":"https:\/\/bellasalvia.cz\/obchod\/wp-json\/wp\/v2\/product_cat?post=1654"},{"taxonomy":"product_tag","embeddable":true,"href":"https:\/\/bellasalvia.cz\/obchod\/wp-json\/wp\/v2\/product_tag?post=1654"}],"curies":[{"name":"wp","href":"https:\/\/api.w.org\/{rel}","templated":true}]}}