{"id":1731,"date":"2023-09-11T21:45:51","date_gmt":"2023-09-11T19:45:51","guid":{"rendered":"http:\/\/bellasalvia.cz\/obchod\/?post_type=product&#038;p=1731"},"modified":"2023-10-28T09:55:14","modified_gmt":"2023-10-28T07:55:14","slug":"bylinna-pomoc-zenam-po-menopauze","status":"publish","type":"product","link":"https:\/\/bellasalvia.cz\/obchod\/produkt\/bylinna-pomoc-zenam-po-menopauze\/","title":{"rendered":"Bylinn\u00e1 pomoc \u017een\u00e1m po menopauze"},"content":{"rendered":"<p><span class=\"x4k7w5x x1h91t0o x1h9r5lt x1jfb8zj xv2umb2 x1beo9mf xaigb6o x12ejxvf x3igimt xarpa2k xedcshv x1lytzrv x1t2pt76 x7ja8zs x1qrby5j\">Slo\u017een\u00ed: jetel, chmel, \u0161alv\u011bj, kop\u0159iva, fenykl, mu\u010denka, pivo\u0148ka<\/span><\/p>\n<p><span class=\"x4k7w5x x1h91t0o x1h9r5lt x1jfb8zj xv2umb2 x1beo9mf xaigb6o x12ejxvf x3igimt xarpa2k xedcshv x1lytzrv x1t2pt76 x7ja8zs x1qrby5j\">Sm\u011bs je ur\u010dena pro \u017eeny po ukon\u010den\u00ed menstruace-po menopauze. Pom\u00e1h\u00e1 m\u00edrnit pocit n\u00e1val\u016f horka, psychick\u00e9ho a fyzick\u00e9ho dyskomfortu v pr\u016fb\u011bhu klimakteria. <\/span><\/p>\n<p><span class=\"x4k7w5x x1h91t0o x1h9r5lt x1jfb8zj xv2umb2 x1beo9mf xaigb6o x12ejxvf x3igimt xarpa2k xedcshv x1lytzrv x1t2pt76 x7ja8zs x1qrby5j\">U\u017eit\u00ed: Jednu zarovnanou pol\u00e9vkovou l\u017e\u00edci zalijeme 200ml vrouc\u00ed vody a nech\u00e1me 10-15 min. p\u0159ikryt\u00e9 odst\u00e1t, slijeme. Pijeme 1-2 x denn\u011b alespo\u0148 m\u011bs\u00edc, pot\u00e9 1xdenn\u011b udr\u017eovac\u00ed d\u00e1vku dlouhodob\u011b. Ze zku\u0161enosti v\u00edme, \u017ee sta\u010d\u00ed sm\u011bs u\u017e\u00edvat 1 rok a pot\u00e9 zkusit vysadit, ani\u017e by se pot\u00ed\u017ee vracely.Eventu\u00e1ln\u011b podpo\u0159it pit\u00ed sm\u011bsi o kapsle s estrogenn\u00edmi bylinami. <\/span><\/p>\n<p><span class=\"x4k7w5x x1h91t0o x1h9r5lt x1jfb8zj xv2umb2 x1beo9mf xaigb6o x12ejxvf x3igimt xarpa2k xedcshv x1lytzrv x1t2pt76 x7ja8zs x1qrby5j\">Upozorn\u011bn\u00ed: Sm\u011bs nemohou u\u017e\u00edt \u017eeny alergick\u00e9 na p\u0159\u00edtomn\u00e9 byliny. Nen\u00ed ur\u010dena \u017een\u00e1m je\u0161t\u011b s prob\u00edhaj\u00edc\u00ed menstruac\u00ed a \u017een\u00e1m, kter\u00e9 u\u017e\u00edvaj\u00ed hormon\u00e1ln\u00ed substituci od gynekologa. P\u0159\u00edpadn\u00e9 nejasnosti V\u00e1m objasn\u00edme.<\/span><\/p>\n<p>50g +\/- 2g<\/p>\n","protected":false},"excerpt":{"rendered":"<p><span class=\"x4k7w5x x1h91t0o x1h9r5lt x1jfb8zj xv2umb2 x1beo9mf xaigb6o x12ejxvf x3igimt xarpa2k xedcshv x1lytzrv x1t2pt76 x7ja8zs x1qrby5j\">Sm\u011bs je ur\u010dena pro \u017eeny po ukon\u010den\u00ed menstruace-po menopauze. Pom\u00e1h\u00e1 m\u00edrnit pocit n\u00e1val\u016f horka, psychick\u00e9ho a fyzick\u00e9ho dyskomfortu v pr\u016fb\u011bhu klimakteria.<br \/>\n<\/span><\/p>\n","protected":false},"featured_media":1732,"comment_status":"open","ping_status":"closed","template":"","meta":[],"product_brand":[],"product_cat":[36],"product_tag":[],"class_list":{"0":"post-1731","1":"product","2":"type-product","3":"status-publish","4":"has-post-thumbnail","6":"product_cat-zdravi","8":"first","9":"instock","10":"taxable","11":"shipping-taxable","12":"purchasable","13":"product-type-simple"},"acf":[],"_links":{"self":[{"href":"https:\/\/bellasalvia.cz\/obchod\/wp-json\/wp\/v2\/product\/1731","targetHints":{"allow":["GET"]}}],"collection":[{"href":"https:\/\/bellasalvia.cz\/obchod\/wp-json\/wp\/v2\/product"}],"about":[{"href":"https:\/\/bellasalvia.cz\/obchod\/wp-json\/wp\/v2\/types\/product"}],"replies":[{"embeddable":true,"href":"https:\/\/bellasalvia.cz\/obchod\/wp-json\/wp\/v2\/comments?post=1731"}],"wp:featuredmedia":[{"embeddable":true,"href":"https:\/\/bellasalvia.cz\/obchod\/wp-json\/wp\/v2\/media\/1732"}],"wp:attachment":[{"href":"https:\/\/bellasalvia.cz\/obchod\/wp-json\/wp\/v2\/media?parent=1731"}],"wp:term":[{"taxonomy":"product_brand","embeddable":true,"href":"https:\/\/bellasalvia.cz\/obchod\/wp-json\/wp\/v2\/product_brand?post=1731"},{"taxonomy":"product_cat","embeddable":true,"href":"https:\/\/bellasalvia.cz\/obchod\/wp-json\/wp\/v2\/product_cat?post=1731"},{"taxonomy":"product_tag","embeddable":true,"href":"https:\/\/bellasalvia.cz\/obchod\/wp-json\/wp\/v2\/product_tag?post=1731"}],"curies":[{"name":"wp","href":"https:\/\/api.w.org\/{rel}","templated":true}]}}