{"id":1755,"date":"2023-09-13T09:58:28","date_gmt":"2023-09-13T07:58:28","guid":{"rendered":"http:\/\/bellasalvia.cz\/obchod\/?post_type=product&#038;p=1755"},"modified":"2023-10-28T09:55:29","modified_gmt":"2023-10-28T07:55:29","slug":"bylinna-pomoc-imunitnimu-systemu","status":"publish","type":"product","link":"https:\/\/bellasalvia.cz\/obchod\/produkt\/bylinna-pomoc-imunitnimu-systemu\/","title":{"rendered":"Bylinn\u00e1 pomoc imunitn\u00edmu syst\u00e9mu"},"content":{"rendered":"<p>Slo\u017een\u00ed: Echinacea, z\u00e1zvor, \u0161\u00edpek, rakytn\u00edk, spor\u00fd\u0161<\/p>\n<p>U\u017eit\u00ed: Jednu vrchovatou \u010dajovou l\u017ei\u010dku zalijeme 200ml vrouc\u00ed vody a nech\u00e1me 10-15 min. p\u0159ikryt\u00e9 odst\u00e1t, slijeme. Pijeme 2-3x denn\u011b. V d\u00e1vce 1xd m\u016f\u017eeme u\u017e\u00edvat i dlouhodob\u011b.<\/p>\n<p>Sm\u011bs v d\u00e1vce 1xd mohou u\u017e\u00edvat d\u011bti od 3 let, t\u011bhotn\u00e9 a koj\u00edc\u00ed \u017eeny. Sm\u011bs mohou p\u00edt i pacienti s warfarinem, av\u0161ak v d\u00e1vce 1 zarovnan\u00e9 \u010dajov\u00e9 l\u017ei\u010dky na 250ml vody 1xd.<\/p>\n<p>Upozorn\u011bn\u00ed: Sm\u011bs nesm\u00ed u\u017e\u00edvat pacienti s teplotou nad 38 st.C a s autoimunitn\u00edm onemocn\u011bn\u00edm. Sm\u011bs nemohou u\u017e\u00edt osoby alergick\u00e9 na p\u0159\u00edtomn\u00e9 byliny. P\u0159\u00edpadn\u00e9 nejasnosti V\u00e1m objasn\u00edme.<\/p>\n<p>50g +\/- 2g<\/p>\n","protected":false},"excerpt":{"rendered":"<p><span class=\"x4k7w5x x1h91t0o x1h9r5lt x1jfb8zj xv2umb2 x1beo9mf xaigb6o x12ejxvf x3igimt xarpa2k xedcshv x1lytzrv x1t2pt76 x7ja8zs x1qrby5j\">Sm\u011bs je ur\u010dena pro v\u0161echny co pot\u0159ebuj\u00ed pos\u00edlit imunitn\u00ed syst\u00e9m.<br \/>\n<\/span><\/p>\n","protected":false},"featured_media":1757,"comment_status":"open","ping_status":"closed","template":"","meta":[],"product_brand":[],"product_cat":[36],"product_tag":[],"class_list":{"0":"post-1755","1":"product","2":"type-product","3":"status-publish","4":"has-post-thumbnail","6":"product_cat-zdravi","8":"first","9":"instock","10":"taxable","11":"shipping-taxable","12":"purchasable","13":"product-type-simple"},"acf":[],"_links":{"self":[{"href":"https:\/\/bellasalvia.cz\/obchod\/wp-json\/wp\/v2\/product\/1755","targetHints":{"allow":["GET"]}}],"collection":[{"href":"https:\/\/bellasalvia.cz\/obchod\/wp-json\/wp\/v2\/product"}],"about":[{"href":"https:\/\/bellasalvia.cz\/obchod\/wp-json\/wp\/v2\/types\/product"}],"replies":[{"embeddable":true,"href":"https:\/\/bellasalvia.cz\/obchod\/wp-json\/wp\/v2\/comments?post=1755"}],"wp:featuredmedia":[{"embeddable":true,"href":"https:\/\/bellasalvia.cz\/obchod\/wp-json\/wp\/v2\/media\/1757"}],"wp:attachment":[{"href":"https:\/\/bellasalvia.cz\/obchod\/wp-json\/wp\/v2\/media?parent=1755"}],"wp:term":[{"taxonomy":"product_brand","embeddable":true,"href":"https:\/\/bellasalvia.cz\/obchod\/wp-json\/wp\/v2\/product_brand?post=1755"},{"taxonomy":"product_cat","embeddable":true,"href":"https:\/\/bellasalvia.cz\/obchod\/wp-json\/wp\/v2\/product_cat?post=1755"},{"taxonomy":"product_tag","embeddable":true,"href":"https:\/\/bellasalvia.cz\/obchod\/wp-json\/wp\/v2\/product_tag?post=1755"}],"curies":[{"name":"wp","href":"https:\/\/api.w.org\/{rel}","templated":true}]}}