{"id":1758,"date":"2023-09-13T10:03:15","date_gmt":"2023-09-13T08:03:15","guid":{"rendered":"http:\/\/bellasalvia.cz\/obchod\/?post_type=product&#038;p=1758"},"modified":"2023-10-28T09:55:44","modified_gmt":"2023-10-28T07:55:44","slug":"bylinna-pomoc-s-teplotou-nachlazenim-a-zanetem-dutin","status":"publish","type":"product","link":"https:\/\/bellasalvia.cz\/obchod\/produkt\/bylinna-pomoc-s-teplotou-nachlazenim-a-zanetem-dutin\/","title":{"rendered":"Bylinn\u00e1 pomoc s  teplotou, nachlazen\u00edm a z\u00e1n\u011btem dutin"},"content":{"rendered":"<p>Slo\u017een\u00ed: l\u00edpa, \u010dern\u00fd bez, tu\u017eebn\u00edk, jitrocel, mate\u0159\u00eddou\u0161ka, sv\u011btl\u00edk<\/p>\n<p>U\u017eit\u00ed: Jednu vrchovatou \u010dajovou l\u017ei\u010dku zalijeme 200 ml vrouc\u00ed vody a nech\u00e1me 10-15 min. p\u0159ikryt\u00e9 odst\u00e1t, slijeme. Pijeme 2- 3x denn\u011b. M\u016f\u017eete u\u017e\u00edvat i pokud V\u00e1m l\u00e9ka\u0159 nap\u00ed\u0161e antibiotika.V d\u00e1vce 1xd m\u016f\u017eeme u\u017e\u00edvat i dlouhodob\u011b.<\/p>\n<p>Sm\u011bs v d\u00e1vce 1xd mohou u\u017e\u00edvat d\u011bti od 3 let, t\u011bhotn\u00e9 a koj\u00edc\u00ed \u017eeny. Sm\u011bs mohou p\u00edt i pacienti s warfarinem av\u0161ak v d\u00e1vce 1 zarovnan\u00e9 \u010dajov\u00e9 l\u017ei\u010dky na 250ml vody 1xd.<\/p>\n<p>Upozorn\u011bn\u00ed: Sm\u011bs nemohou u\u017e\u00edt osoby alergick\u00e9 na p\u0159\u00edtomn\u00e9 byliny. P\u0159\u00edpadn\u00e9 nejasnosti V\u00e1m objasn\u00edme.<\/p>\n<p>50g +\/- 2g<\/p>\n","protected":false},"excerpt":{"rendered":"<p><span class=\"x4k7w5x x1h91t0o x1h9r5lt x1jfb8zj xv2umb2 x1beo9mf xaigb6o x12ejxvf x3igimt xarpa2k xedcshv x1lytzrv x1t2pt76 x7ja8zs x1qrby5j\">Sm\u011bs je ur\u010dena pro nemocn\u00e9 s virov\u00fdm i bakteri\u00e1n\u00edm infektem horn\u00edch i doln\u00edch cest d\u00fdchac\u00edch<br \/>\n<\/span><\/p>\n","protected":false},"featured_media":1759,"comment_status":"open","ping_status":"closed","template":"","meta":[],"product_brand":[],"product_cat":[36],"product_tag":[],"class_list":{"0":"post-1758","1":"product","2":"type-product","3":"status-publish","4":"has-post-thumbnail","6":"product_cat-zdravi","8":"first","9":"instock","10":"taxable","11":"shipping-taxable","12":"purchasable","13":"product-type-simple"},"acf":[],"_links":{"self":[{"href":"https:\/\/bellasalvia.cz\/obchod\/wp-json\/wp\/v2\/product\/1758","targetHints":{"allow":["GET"]}}],"collection":[{"href":"https:\/\/bellasalvia.cz\/obchod\/wp-json\/wp\/v2\/product"}],"about":[{"href":"https:\/\/bellasalvia.cz\/obchod\/wp-json\/wp\/v2\/types\/product"}],"replies":[{"embeddable":true,"href":"https:\/\/bellasalvia.cz\/obchod\/wp-json\/wp\/v2\/comments?post=1758"}],"wp:featuredmedia":[{"embeddable":true,"href":"https:\/\/bellasalvia.cz\/obchod\/wp-json\/wp\/v2\/media\/1759"}],"wp:attachment":[{"href":"https:\/\/bellasalvia.cz\/obchod\/wp-json\/wp\/v2\/media?parent=1758"}],"wp:term":[{"taxonomy":"product_brand","embeddable":true,"href":"https:\/\/bellasalvia.cz\/obchod\/wp-json\/wp\/v2\/product_brand?post=1758"},{"taxonomy":"product_cat","embeddable":true,"href":"https:\/\/bellasalvia.cz\/obchod\/wp-json\/wp\/v2\/product_cat?post=1758"},{"taxonomy":"product_tag","embeddable":true,"href":"https:\/\/bellasalvia.cz\/obchod\/wp-json\/wp\/v2\/product_tag?post=1758"}],"curies":[{"name":"wp","href":"https:\/\/api.w.org\/{rel}","templated":true}]}}