{"id":1761,"date":"2023-09-13T10:11:56","date_gmt":"2023-09-13T08:11:56","guid":{"rendered":"http:\/\/bellasalvia.cz\/obchod\/?post_type=product&#038;p=1761"},"modified":"2023-10-28T09:56:05","modified_gmt":"2023-10-28T07:56:05","slug":"bylinna-pomoc-se-zvysenou-hladinou-kyseliny-mocove","status":"publish","type":"product","link":"https:\/\/bellasalvia.cz\/obchod\/produkt\/bylinna-pomoc-se-zvysenou-hladinou-kyseliny-mocove\/","title":{"rendered":"Bylinn\u00e1 pomoc se zv\u00fd\u0161enou hladinou kyseliny mo\u010dov\u00e9"},"content":{"rendered":"<p>Slo\u017een\u00ed: p\u00fdr, tu\u017eebn\u00edk, p\u0159esli\u010dka, \u010dern\u00fd ryb\u00edz, truskavec, kop\u0159iva, m\u011bs\u00ed\u010dek<\/p>\n<p>U\u017eit\u00ed: Jednu vrchovatou \u010dajovou l\u017ei\u010dku zalijeme 200ml vrouc\u00ed vody a nech\u00e1me 10-15 min. p\u0159ikryt\u00e9 odst\u00e1t, slijeme. Pijeme 2-3x denn\u011b 3 t\u00fddny a pot\u00e9 v d\u00e1vce 1xd m\u016f\u017eeme u\u017e\u00edvat i dlouhodob\u011b.<\/p>\n<p>Upozorn\u011bn\u00ed: Sm\u011bs nemohou u\u017e\u00edvat t\u011bhotn\u00e9, koj\u00edc\u00ed \u017eeny, d\u011bti do 9 let, pacienti u\u017e\u00edvaj\u00edc\u00ed warfarin Sm\u011bs nemohou u\u017e\u00edt osoby alergick\u00e9 na p\u0159\u00edtomn\u00e9 byliny. P\u0159\u00edpadn\u00e9 nejasnosti V\u00e1m objasn\u00edme.<\/p>\n<p>50g +\/- 2g<\/p>\n","protected":false},"excerpt":{"rendered":"<p><span class=\"x4k7w5x x1h91t0o x1h9r5lt x1jfb8zj xv2umb2 x1beo9mf xaigb6o x12ejxvf x3igimt xarpa2k xedcshv x1lytzrv x1t2pt76 x7ja8zs x1qrby5j\">Sm\u011bs je ur\u010dena pro sn\u00ed\u017een\u00ed hladiny kyseliny mo\u010dov\u00e9.<br \/>\n<\/span><\/p>\n","protected":false},"featured_media":1762,"comment_status":"open","ping_status":"closed","template":"","meta":[],"product_brand":[],"product_cat":[36],"product_tag":[],"class_list":{"0":"post-1761","1":"product","2":"type-product","3":"status-publish","4":"has-post-thumbnail","6":"product_cat-zdravi","8":"first","9":"instock","10":"taxable","11":"shipping-taxable","12":"purchasable","13":"product-type-simple"},"acf":[],"_links":{"self":[{"href":"https:\/\/bellasalvia.cz\/obchod\/wp-json\/wp\/v2\/product\/1761","targetHints":{"allow":["GET"]}}],"collection":[{"href":"https:\/\/bellasalvia.cz\/obchod\/wp-json\/wp\/v2\/product"}],"about":[{"href":"https:\/\/bellasalvia.cz\/obchod\/wp-json\/wp\/v2\/types\/product"}],"replies":[{"embeddable":true,"href":"https:\/\/bellasalvia.cz\/obchod\/wp-json\/wp\/v2\/comments?post=1761"}],"wp:featuredmedia":[{"embeddable":true,"href":"https:\/\/bellasalvia.cz\/obchod\/wp-json\/wp\/v2\/media\/1762"}],"wp:attachment":[{"href":"https:\/\/bellasalvia.cz\/obchod\/wp-json\/wp\/v2\/media?parent=1761"}],"wp:term":[{"taxonomy":"product_brand","embeddable":true,"href":"https:\/\/bellasalvia.cz\/obchod\/wp-json\/wp\/v2\/product_brand?post=1761"},{"taxonomy":"product_cat","embeddable":true,"href":"https:\/\/bellasalvia.cz\/obchod\/wp-json\/wp\/v2\/product_cat?post=1761"},{"taxonomy":"product_tag","embeddable":true,"href":"https:\/\/bellasalvia.cz\/obchod\/wp-json\/wp\/v2\/product_tag?post=1761"}],"curies":[{"name":"wp","href":"https:\/\/api.w.org\/{rel}","templated":true}]}}