{"id":1764,"date":"2023-09-13T10:28:01","date_gmt":"2023-09-13T08:28:01","guid":{"rendered":"http:\/\/bellasalvia.cz\/obchod\/?post_type=product&#038;p=1764"},"modified":"2023-10-28T09:56:19","modified_gmt":"2023-10-28T07:56:19","slug":"bylinna-pomoc-se-strevnim-zanetem","status":"publish","type":"product","link":"https:\/\/bellasalvia.cz\/obchod\/produkt\/bylinna-pomoc-se-strevnim-zanetem\/","title":{"rendered":"Bylinn\u00e1 pomoc se st\u0159evn\u00edm z\u00e1n\u011btem"},"content":{"rendered":"<p>Slo\u017een\u00ed: \u0159ep\u00edk, medu\u0148ka, m\u011bs\u00ed\u010dek, sl\u00e9z, jitrocel, fenykl, mochna st\u0159\u00edbrn\u00e1<\/p>\n<p>Sm\u011bs je ur\u010dena jako n\u00e1poj pro hojen\u00ed st\u0159ev. M\u016f\u017eeme ho pot\u0159ebovat po pr\u016fjmov\u00e9m onemocn\u011bn\u00edm virov\u00e9m i bakteri\u00e1ln\u00edm ale i jako n\u00e1poj p\u0159i zhor\u0161en\u00ed chorob jako jsou ulcerozn\u00ed kolitida nebo Crohnova choroba. Tak\u017ee je ur\u010dena sp\u00ed\u0161e pro st\u0159eva podr\u00e1\u017ed\u011bn\u00e1 trp\u00edc\u00ed pr\u016fjmovitou stolic\u00ed.<\/p>\n<p>U\u017eit\u00ed: Jednu vrchovatou \u010dajovou l\u017ei\u010dku zalijeme 200ml vrouc\u00ed vody a nech\u00e1me 10-15 min. p\u0159ikryt\u00e9 odst\u00e1t, slijeme. Pijeme 2- 3x denn\u011b. V d\u00e1vce 1xd m\u016f\u017eeme u\u017e\u00edvat i dlouhodob\u011b.<\/p>\n<p>Sm\u011bs v d\u00e1vce 1xd mohou u\u017e\u00edvat d\u011bti od 3 let, t\u011bhotn\u00e9 a koj\u00edc\u00ed \u017eeny.<\/p>\n<p>Upozorn\u011bn\u00ed: Sm\u011bs nen\u00ed ur\u010dena pro pacienty s warfarinem. Sm\u011bs nemohou u\u017e\u00edt osoby alergick\u00e9 na p\u0159\u00edtomn\u00e9 byliny. P\u0159\u00edpadn\u00e9 nejasnosti V\u00e1m objasn\u00edme.<\/p>\n<p>&nbsp;<\/p>\n<p>50g +\/- 2g<\/p>\n","protected":false},"excerpt":{"rendered":"<p><span class=\"x4k7w5x x1h91t0o x1h9r5lt x1jfb8zj xv2umb2 x1beo9mf xaigb6o x12ejxvf x3igimt xarpa2k xedcshv x1lytzrv x1t2pt76 x7ja8zs x1qrby5j\">Sm\u011bs je ur\u010dena jako n\u00e1poj pro hojen\u00ed st\u0159ev.<\/span><\/p>\n","protected":false},"featured_media":1765,"comment_status":"open","ping_status":"closed","template":"","meta":[],"product_brand":[],"product_cat":[36],"product_tag":[],"class_list":{"0":"post-1764","1":"product","2":"type-product","3":"status-publish","4":"has-post-thumbnail","6":"product_cat-zdravi","8":"first","9":"instock","10":"taxable","11":"shipping-taxable","12":"purchasable","13":"product-type-simple"},"acf":[],"_links":{"self":[{"href":"https:\/\/bellasalvia.cz\/obchod\/wp-json\/wp\/v2\/product\/1764","targetHints":{"allow":["GET"]}}],"collection":[{"href":"https:\/\/bellasalvia.cz\/obchod\/wp-json\/wp\/v2\/product"}],"about":[{"href":"https:\/\/bellasalvia.cz\/obchod\/wp-json\/wp\/v2\/types\/product"}],"replies":[{"embeddable":true,"href":"https:\/\/bellasalvia.cz\/obchod\/wp-json\/wp\/v2\/comments?post=1764"}],"wp:featuredmedia":[{"embeddable":true,"href":"https:\/\/bellasalvia.cz\/obchod\/wp-json\/wp\/v2\/media\/1765"}],"wp:attachment":[{"href":"https:\/\/bellasalvia.cz\/obchod\/wp-json\/wp\/v2\/media?parent=1764"}],"wp:term":[{"taxonomy":"product_brand","embeddable":true,"href":"https:\/\/bellasalvia.cz\/obchod\/wp-json\/wp\/v2\/product_brand?post=1764"},{"taxonomy":"product_cat","embeddable":true,"href":"https:\/\/bellasalvia.cz\/obchod\/wp-json\/wp\/v2\/product_cat?post=1764"},{"taxonomy":"product_tag","embeddable":true,"href":"https:\/\/bellasalvia.cz\/obchod\/wp-json\/wp\/v2\/product_tag?post=1764"}],"curies":[{"name":"wp","href":"https:\/\/api.w.org\/{rel}","templated":true}]}}