{"id":1770,"date":"2023-09-16T09:39:40","date_gmt":"2023-09-16T07:39:40","guid":{"rendered":"http:\/\/bellasalvia.cz\/obchod\/?post_type=product&#038;p=1770"},"modified":"2023-10-10T13:36:26","modified_gmt":"2023-10-10T11:36:26","slug":"bylinna-smes-pro-deti-i-spokojene-brisko","status":"publish","type":"product","link":"https:\/\/bellasalvia.cz\/obchod\/produkt\/bylinna-smes-pro-deti-i-spokojene-brisko\/","title":{"rendered":"Bylinn\u00e1 sm\u011bs pro d\u011bti II. &#8211; Spokojen\u00e9 b\u0159\u00ed\u0161ko"},"content":{"rendered":"<p>Slo\u017een\u00ed: fenykl, he\u0159m\u00e1nek, \u0159ep\u00edk, medu\u0148ka<\/p>\n<p>D\u00e1vkov\u00e1n\u00ed a zp\u016fsob pou\u017eit\u00ed: 1 vrchovatou \u010dajovou l\u017ei\u010dku zal\u00edt 200 ml vrouc\u00ed vody, nechat 5-10 minut p\u0159ikryt\u00e9 odst\u00e1t, sl\u00edt. \u010caj lze pod\u00e1vat tepl\u00fd i studen\u00fd v pr\u016fb\u011bhu dne. M\u016f\u017eete p\u0159isladit medem. N\u00e1lev p\u0159ipravujte v\u017edy \u010derstv\u00fd.<\/p>\n<p>Upozorn\u011bn\u00ed: Nen\u00ed vhodn\u00e9 pro jedince trp\u00edc\u00ed alergi\u00ed na n\u011bkterou z uveden\u00fdch slo\u017eek. Nen\u00ed n\u00e1hradou l\u00e9k\u016f p\u0159edepisovan\u00fdch Va\u0161\u00edm l\u00e9ka\u0159em. P\u0159\u00edpadn\u00e9 nejasnosti V\u00e1m objasn\u00edme.<\/p>\n<p>30g +\/- 2g<\/p>\n","protected":false},"excerpt":{"rendered":"<p><span class=\"x4k7w5x x1h91t0o x1h9r5lt x1jfb8zj xv2umb2 x1beo9mf xaigb6o x12ejxvf x3igimt xarpa2k xedcshv x1lytzrv x1t2pt76 x7ja8zs x1qrby5j\">Bylinn\u00e1 sm\u011bs pro d\u011bti ji\u017e od 1roku vhodn\u00e1 p\u0159i pr\u016fjmov\u00fdch onemocn\u011bn\u00edch a pot\u00ed\u017e\u00edch s nad\u00fdman\u00edm.<br \/>\n<\/span><\/p>\n","protected":false},"featured_media":1772,"comment_status":"open","ping_status":"closed","template":"","meta":[],"product_brand":[],"product_cat":[36],"product_tag":[],"class_list":{"0":"post-1770","1":"product","2":"type-product","3":"status-publish","4":"has-post-thumbnail","6":"product_cat-zdravi","8":"first","9":"instock","10":"taxable","11":"shipping-taxable","12":"purchasable","13":"product-type-simple"},"acf":[],"_links":{"self":[{"href":"https:\/\/bellasalvia.cz\/obchod\/wp-json\/wp\/v2\/product\/1770","targetHints":{"allow":["GET"]}}],"collection":[{"href":"https:\/\/bellasalvia.cz\/obchod\/wp-json\/wp\/v2\/product"}],"about":[{"href":"https:\/\/bellasalvia.cz\/obchod\/wp-json\/wp\/v2\/types\/product"}],"replies":[{"embeddable":true,"href":"https:\/\/bellasalvia.cz\/obchod\/wp-json\/wp\/v2\/comments?post=1770"}],"wp:featuredmedia":[{"embeddable":true,"href":"https:\/\/bellasalvia.cz\/obchod\/wp-json\/wp\/v2\/media\/1772"}],"wp:attachment":[{"href":"https:\/\/bellasalvia.cz\/obchod\/wp-json\/wp\/v2\/media?parent=1770"}],"wp:term":[{"taxonomy":"product_brand","embeddable":true,"href":"https:\/\/bellasalvia.cz\/obchod\/wp-json\/wp\/v2\/product_brand?post=1770"},{"taxonomy":"product_cat","embeddable":true,"href":"https:\/\/bellasalvia.cz\/obchod\/wp-json\/wp\/v2\/product_cat?post=1770"},{"taxonomy":"product_tag","embeddable":true,"href":"https:\/\/bellasalvia.cz\/obchod\/wp-json\/wp\/v2\/product_tag?post=1770"}],"curies":[{"name":"wp","href":"https:\/\/api.w.org\/{rel}","templated":true}]}}